{"id":4496,"date":"2026-03-23T10:37:08","date_gmt":"2026-03-23T09:37:08","guid":{"rendered":"https:\/\/savoiaguest.savoiaterme.it\/restaurant-menu\/piatto-del-giorno\/"},"modified":"2026-03-23T15:24:26","modified_gmt":"2026-03-23T14:24:26","slug":"dish-of-the-day","status":"publish","type":"page","link":"https:\/\/savoiaguest.savoiaterme.it\/en\/restaurant-menu\/dish-of-the-day\/","title":{"rendered":"Dish of the day"},"content":{"rendered":"\t\t<div data-elementor-type=\"wp-page\" data-elementor-id=\"4496\" class=\"elementor elementor-4496 elementor-4491\" data-elementor-post-type=\"page\">\n\t\t\t\t<div class=\"elementor-element elementor-element-213a76f e-flex e-con-boxed e-con e-parent\" data-id=\"213a76f\" data-element_type=\"container\" data-e-type=\"container\">\n\t\t\t\t\t<div class=\"e-con-inner\">\n\t\t\t\t<div class=\"elementor-element elementor-element-55526a8 elementor-view-framed elementor-position-inline-start elementor-mobile-position-inline-start elementor-shape-circle elementor-widget elementor-widget-icon-box\" data-id=\"55526a8\" data-element_type=\"widget\" data-e-type=\"widget\" data-widget_type=\"icon-box.default\">\n\t\t\t\t\t\t\t<div class=\"elementor-icon-box-wrapper\">\n\n\t\t\t\t\t\t<div class=\"elementor-icon-box-icon\">\n\t\t\t\t<span  class=\"elementor-icon\">\n\t\t\t\t<svg xmlns=\"http:\/\/www.w3.org\/2000\/svg\" width=\"32\" height=\"32\" fill=\"#86267A\" viewBox=\"0 0 256 256\"><path d=\"M72,88V40a8,8,0,0,1,16,0V88a8,8,0,0,1-16,0ZM216,40V224a8,8,0,0,1-16,0V176H152a8,8,0,0,1-8-8,268.75,268.75,0,0,1,7.22-56.88c9.78-40.49,28.32-67.63,53.63-78.47A8,8,0,0,1,216,40ZM200,53.9c-32.17,24.57-38.47,84.42-39.7,106.1H200ZM119.89,38.69a8,8,0,1,0-15.78,2.63L112,88.63a32,32,0,0,1-64,0l7.88-47.31a8,8,0,1,0-15.78-2.63l-8,48A8.17,8.17,0,0,0,32,88a48.07,48.07,0,0,0,40,47.32V224a8,8,0,0,0,16,0V135.32A48.07,48.07,0,0,0,128,88a8.17,8.17,0,0,0-.11-1.31Z\"><\/path><\/svg>\t\t\t\t<\/span>\n\t\t\t<\/div>\n\t\t\t\n\t\t\t\t\t\t<div class=\"elementor-icon-box-content\">\n\n\t\t\t\t\t\t\t\t\t<h1 class=\"elementor-icon-box-title\">\n\t\t\t\t\t\t<span  >\n\t\t\t\t\t\t\tDish of the day\t\t\t\t\t\t<\/span>\n\t\t\t\t\t<\/h1>\n\t\t\t\t\n\t\t\t\t\n\t\t\t<\/div>\n\t\t\t\n\t\t<\/div>\n\t\t\t\t\t\t<\/div>\n\t\t\t\t\t<\/div>\n\t\t\t\t<\/div>\n\t\t<div class=\"elementor-element elementor-element-993dff5 e-flex e-con-boxed e-con e-parent\" data-id=\"993dff5\" data-element_type=\"container\" data-e-type=\"container\">\n\t\t\t\t\t<div class=\"e-con-inner\">\n\t\t<div class=\"elementor-element elementor-element-8dfafc9 e-con-full bkg-glass-no-animation e-flex e-con e-child\" data-id=\"8dfafc9\" data-element_type=\"container\" data-e-type=\"container\">\n\t\t\t\t<div class=\"elementor-element elementor-element-8ccb7f1 elementor-widget elementor-widget-heading\" data-id=\"8ccb7f1\" data-element_type=\"widget\" data-e-type=\"widget\" data-widget_type=\"heading.default\">\n\t\t\t\t\t<h2 class=\"elementor-heading-title elementor-size-default\">Andrea Dan Chef of the Hotel Savoia Thermae &amp; Spa\n\n<\/h2>\t\t\t\t<\/div>\n\t\t\t\t<div class=\"elementor-element elementor-element-51c2e79 elementor-widget__width-initial elementor-widget elementor-widget-text-editor\" data-id=\"51c2e79\" data-element_type=\"widget\" data-e-type=\"widget\" data-widget_type=\"text-editor.default\">\n\t\t\t\t\t\t\t\t\t<p>With my cuisine, I want to offer you a unique sensory experience of authentic flavours and culinary innovations.<\/p><p>I invite you to discover our restaurant \u2018Il Savoiardo\u2019, where every dish tells a story and makes your stay unforgettable.<\/p>\t\t\t\t\t\t\t\t<\/div>\n\t\t\t\t<\/div>\n\t\t\t\t\t<\/div>\n\t\t\t\t<\/div>\n\t\t<div class=\"elementor-element elementor-element-2ac37fc e-flex e-con-boxed e-con e-parent\" data-id=\"2ac37fc\" data-element_type=\"container\" data-e-type=\"container\">\n\t\t\t\t\t<div class=\"e-con-inner\">\n\t\t\t\t<div class=\"elementor-element elementor-element-4a2ef70 elementor-widget elementor-widget-shortcode\" data-id=\"4a2ef70\" data-element_type=\"widget\" data-e-type=\"widget\" data-widget_type=\"shortcode.default\">\n\t\t\t\t\t\t\t<div class=\"elementor-shortcode\"><div data-elementor-type=\"loop-item\" data-elementor-id=\"1984\" class=\"elementor elementor-1984 e-loop-item e-loop-item-2219 post-2370 piatto type-piatto status-publish hentry piatto-del-giorno-piatto-del-giorno tipologia-piatto-secondo\" data-elementor-post-type=\"elementor_library\" data-custom-edit-handle=\"1\"><div class=\"elementor-element elementor-element-9424e08 e-flex e-con-boxed e-con e-parent e-lazyloaded\" data-id=\"9424e08\" data-element_type=\"container\" data-e-type=\"container\"><div class=\"e-con-inner\"><div class=\"elementor-element elementor-element-bf7ed8c e-con-full bkg-glass-no-animation e-flex e-con e-child\" data-id=\"bf7ed8c\" data-element_type=\"container\" data-e-type=\"container\"><div class=\"elementor-element elementor-element-396f1ee e-con-full e-flex e-con e-child\" data-id=\"396f1ee\" data-element_type=\"container\" data-e-type=\"container\"><div class=\"elementor-element elementor-element-4b2b0f8 elementor-widget elementor-widget-heading\" data-id=\"4b2b0f8\" data-element_type=\"widget\" data-e-type=\"widget\" data-widget_type=\"heading.default\"><h2 class=\"elementor-heading-title elementor-size-default\">Seafood risotto<\/h2><\/div><div class=\"elementor-element elementor-element-piatto-meta elementor-widget elementor-widget-text-editor\" data-id=\"piatto-meta\" data-element_type=\"widget\" data-widget_type=\"text-editor.default\"><div class=\"elementor-text-editor elementor-clearfix\"><p>Dinner, first course\n<\/p><\/div><\/div><div class=\"elementor-element elementor-element-cd8685a elementor-widget elementor-widget-heading\" data-id=\"cd8685a\" data-element_type=\"widget\" data-e-type=\"widget\" data-widget_type=\"heading.default\"><h6 class=\"elementor-heading-title elementor-size-default\">ALLERGENS<\/h6><\/div><div class=\"elementor-element elementor-element-69dc728 elementor-widget__width-inherit elementor-widget elementor-widget-shortcode\" data-id=\"69dc728\" data-element_type=\"widget\" data-e-type=\"widget\" data-widget_type=\"shortcode.default\"><div class=\"elementor-shortcode\"><div class=\"menu-item__icone\"><div class=\"mb-3 menu-item__allergens\" aria-label=\"Allergeni\">(2, 4, 7, 9, 14)<\/div><span class=\"menu-item__icona menu-item__icona--it_icona_piatto_1\"><img decoding=\"async\" src=\"https:\/\/savoiaguest.savoiaterme.it\/wp-content\/uploads\/2025\/11\/gluten_free.png\" alt=\"No Glutine\" loading=\"lazy\"><\/span><\/div><\/div><\/div><\/div><\/div><\/div><\/div><div data-elementor-type=\"loop-item\" data-elementor-id=\"1984\" class=\"elementor elementor-1984 e-loop-item e-loop-item-2219 post-2350 piatto type-piatto status-publish hentry piatto-del-giorno-piatto-del-giorno tipologia-piatto-secondo\" data-elementor-post-type=\"elementor_library\" data-custom-edit-handle=\"1\"><div class=\"elementor-element elementor-element-9424e08 e-flex e-con-boxed e-con e-parent e-lazyloaded\" data-id=\"9424e08\" data-element_type=\"container\" data-e-type=\"container\"><div class=\"e-con-inner\"><div class=\"elementor-element elementor-element-bf7ed8c e-con-full bkg-glass-no-animation e-flex e-con e-child\" data-id=\"bf7ed8c\" data-element_type=\"container\" data-e-type=\"container\"><div class=\"elementor-element elementor-element-396f1ee e-con-full e-flex e-con e-child\" data-id=\"396f1ee\" data-element_type=\"container\" data-e-type=\"container\"><div class=\"elementor-element elementor-element-4b2b0f8 elementor-widget elementor-widget-heading\" data-id=\"4b2b0f8\" data-element_type=\"widget\" data-e-type=\"widget\" data-widget_type=\"heading.default\"><h2 class=\"elementor-heading-title elementor-size-default\">Rigatoni pasta Gricia with guanciale and saut\u00e9ed white onion<\/h2><\/div><div class=\"elementor-element elementor-element-piatto-meta elementor-widget elementor-widget-text-editor\" data-id=\"piatto-meta\" data-element_type=\"widget\" data-widget_type=\"text-editor.default\"><div class=\"elementor-text-editor elementor-clearfix\"><p>Lunch, first course\n<\/p><\/div><\/div><div class=\"elementor-element elementor-element-cd8685a elementor-widget elementor-widget-heading\" data-id=\"cd8685a\" data-element_type=\"widget\" data-e-type=\"widget\" data-widget_type=\"heading.default\"><h6 class=\"elementor-heading-title elementor-size-default\">ALLERGENS<\/h6><\/div><div class=\"elementor-element elementor-element-69dc728 elementor-widget__width-inherit elementor-widget elementor-widget-shortcode\" data-id=\"69dc728\" data-element_type=\"widget\" data-e-type=\"widget\" data-widget_type=\"shortcode.default\"><div class=\"elementor-shortcode\"><div class=\"menu-item__icone\"><div class=\"mb-3 menu-item__allergens\" aria-label=\"Allergeni\">(1)<\/div><span class=\"menu-item__icona menu-item__icona--it_icona_piatto_1\"><img decoding=\"async\" src=\"https:\/\/savoiaguest.savoiaterme.it\/wp-content\/uploads\/2025\/11\/gluten_free.png\" alt=\"No Glutine\" loading=\"lazy\"><\/span><\/div><\/div><\/div><\/div><\/div><\/div><\/div><\/div>\n\t\t\t\t\t\t<\/div>\n\t\t\t\t\t<\/div>\n\t\t\t\t<\/div>\n\t\t<div class=\"elementor-element elementor-element-1d54536 e-flex e-con-boxed e-con e-parent\" data-id=\"1d54536\" data-element_type=\"container\" data-e-type=\"container\">\n\t\t\t\t\t<div class=\"e-con-inner\">\n\t\t<div class=\"elementor-element elementor-element-a493b78 e-con-full bkg-glass-no-animation e-flex e-con e-child\" data-id=\"a493b78\" data-element_type=\"container\" data-e-type=\"container\">\n\t\t\t\t<div class=\"elementor-element elementor-element-8f11e7f elementor-widget elementor-widget-heading\" data-id=\"8f11e7f\" data-element_type=\"widget\" data-e-type=\"widget\" data-widget_type=\"heading.default\">\n\t\t\t\t\t<h2 class=\"elementor-heading-title elementor-size-default\">ALLERGEN LEGEND<\/h2>\t\t\t\t<\/div>\n\t\t\t\t<div class=\"elementor-element elementor-element-8f5712b elementor-widget elementor-widget-shortcode\" data-id=\"8f5712b\" data-element_type=\"widget\" data-e-type=\"widget\" data-widget_type=\"shortcode.default\">\n\t\t\t\t\t\t\t<div class=\"elementor-shortcode\"><ul class=\"allergen-icons\"><li class=\"allergen-icons__item\"><img loading=\"lazy\" decoding=\"async\" width=\"200\" height=\"200\" src=\"https:\/\/savoiaguest.savoiaterme.it\/wp-content\/uploads\/2025\/11\/lactose_free.png\" class=\"allergen-icons__img\" alt=\"\" loading=\"lazy\" description=\"\" srcset=\"https:\/\/savoiaguest.savoiaterme.it\/wp-content\/uploads\/2025\/11\/lactose_free.png 200w, https:\/\/savoiaguest.savoiaterme.it\/wp-content\/uploads\/2025\/11\/lactose_free-150x150.png 150w\" sizes=\"auto, (max-width: 200px) 100vw, 200px\" \/><span>Lactose-free<\/span><\/li><li class=\"allergen-icons__item\"><img loading=\"lazy\" decoding=\"async\" width=\"200\" height=\"200\" src=\"https:\/\/savoiaguest.savoiaterme.it\/wp-content\/uploads\/2025\/11\/lactose-gluten_free.png\" class=\"allergen-icons__img\" alt=\"\" loading=\"lazy\" description=\"\" srcset=\"https:\/\/savoiaguest.savoiaterme.it\/wp-content\/uploads\/2025\/11\/lactose-gluten_free.png 200w, https:\/\/savoiaguest.savoiaterme.it\/wp-content\/uploads\/2025\/11\/lactose-gluten_free-150x150.png 150w\" sizes=\"auto, (max-width: 200px) 100vw, 200px\" \/><span>Gluten-free, Lactose-free<\/span><\/li><li class=\"allergen-icons__item\"><img loading=\"lazy\" decoding=\"async\" width=\"200\" height=\"200\" src=\"https:\/\/savoiaguest.savoiaterme.it\/wp-content\/uploads\/2025\/11\/gluten_free.png\" class=\"allergen-icons__img\" alt=\"\" loading=\"lazy\" description=\"\" srcset=\"https:\/\/savoiaguest.savoiaterme.it\/wp-content\/uploads\/2025\/11\/gluten_free.png 200w, https:\/\/savoiaguest.savoiaterme.it\/wp-content\/uploads\/2025\/11\/gluten_free-150x150.png 150w\" sizes=\"auto, (max-width: 200px) 100vw, 200px\" \/><span>Gluten-free<\/span><\/li><\/ul><\/div>\n\t\t\t\t\t\t<\/div>\n\t\t\t\t<div class=\"elementor-element elementor-element-d5563c5 elementor-widget elementor-widget-shortcode\" data-id=\"d5563c5\" data-element_type=\"widget\" data-e-type=\"widget\" data-widget_type=\"shortcode.default\">\n\t\t\t\t\t\t\t<div class=\"elementor-shortcode\"><section class=\"allergens-table\" aria-labelledby=\"allergens-title\"><table id=\"table-allergens\" class=\"allergens-table__table\" aria-describedby=\"allergens-title\"><caption class=\"screen-reader-text\">Allergeni<\/caption><thead><tr><th scope=\"col\" class=\"allergens-table__th-index\">#<\/th><th scope=\"col\" class=\"allergens-table__th-desc\">Descrizione<\/th><\/tr><\/thead><tbody><tr id=\"allergen-1\"><th scope=\"row\" class=\"allergens-table__index\">1<\/th><td class=\"allergens-table__desc\">Cereals containing gluten (wheat, rye, barley, oats, spelt, kamut or their hybridised strains) and products derived therefrom, except: wheat-based glucose syrups, wheat-based maltodextrins, barley-based glucose syrups; cereals used for the manufacture of distillates, including ethyl alcohol of agricultural origin.<\/td><\/tr><tr id=\"allergen-2\"><th scope=\"row\" class=\"allergens-table__index\">2<\/th><td class=\"allergens-table__desc\">Crustaceans and crustacean products<\/td><\/tr><tr id=\"allergen-3\"><th scope=\"row\" class=\"allergens-table__index\">3<\/th><td class=\"allergens-table__desc\">Eggs and egg products (including eggs of all species)<\/td><\/tr><tr id=\"allergen-4\"><th scope=\"row\" class=\"allergens-table__index\">4<\/th><td class=\"allergens-table__desc\">Fish and fish products except: fish gelatine used as a carrier for vitamin or carotenoid preparations; gelatine or isinglass used as a fining agent in beer and wine<\/td><\/tr><tr id=\"allergen-5\"><th scope=\"row\" class=\"allergens-table__index\">5<\/th><td class=\"allergens-table__desc\">Peanuts and peanut products<\/td><\/tr><tr id=\"allergen-6\"><th scope=\"row\" class=\"allergens-table__index\">6<\/th><td class=\"allergens-table__desc\">Soya and soya products, except: refined soya oil and fat; mixed natural tocopherols (E306), natural D-alpha tocopherol acetate; natural D-alpha tocopherol; natural soya-based tocopherol succinate; vegetable oils derived from phytosterols and phytosterol esters from soy; vegetable sterol ester produced from soy oil sterols<\/td><\/tr><tr id=\"allergen-7\"><th scope=\"row\" class=\"allergens-table__index\">7<\/th><td class=\"allergens-table__desc\">Milk and milk-based products. Except: whey used to manufacture alcohol, including ethyl alcohol of agricultural origin (lactitol); (this includes cow's milk, goat's milk, sheep's milk and all types of products derived from them)<\/td><\/tr><tr id=\"allergen-8\"><th scope=\"row\" class=\"allergens-table__index\">8<\/th><td class=\"allergens-table__desc\">Schalenfr\u00fcchte, Mandeln (Amigdalus communis L.), Haseln\u00fcsse (Corylus avellana), Waln\u00fcsse (Juglans regia), Cashewn\u00fcsse (Anacardium occidentale), Pekann\u00fcsse (Carya illinoiensis \u2013 Wangenh \u2013 K. Koch), Paran\u00fcsse (Bertholletia excelsa), Pistazien (Pistacia Vera); Macadamian\u00fcsse oder Queenslandn\u00fcsse (Macadamia ternifolia) und deren Erzeugnisse, ausgenommen Schalenfr\u00fcchte, die zur Herstellung von alkoholischen Destillaten, einschlie\u00dflich Ethylalkohol landwirtschaftlichen Ursprungs, verwendet werden<\/td><\/tr><tr id=\"allergen-9\"><th scope=\"row\" class=\"allergens-table__index\">9<\/th><td class=\"allergens-table__desc\">Celery and celery-based products<\/td><\/tr><tr id=\"allergen-10\"><th scope=\"row\" class=\"allergens-table__index\">10<\/th><td class=\"allergens-table__desc\">Mustard and mustard-based products<\/td><\/tr><tr id=\"allergen-11\"><th scope=\"row\" class=\"allergens-table__index\">11<\/th><td class=\"allergens-table__desc\">Sesame seeds and sesame-based products<\/td><\/tr><tr id=\"allergen-12\"><th scope=\"row\" class=\"allergens-table__index\">12<\/th><td class=\"allergens-table__desc\">Sulphur dioxide and sulphites in concentrations exceeding 10mg\/kg or 10mg\/l expressed as total SO2 to be calculated for products as proposed ready for consumption or reconstituted in accordance with the manufacturer's instructions.<\/td><\/tr><tr id=\"allergen-13\"><th scope=\"row\" class=\"allergens-table__index\">13<\/th><td class=\"allergens-table__desc\">Lupins and lupin-based products<\/td><\/tr><tr id=\"allergen-14\"><th scope=\"row\" class=\"allergens-table__index\">14<\/th><td class=\"allergens-table__desc\">Molluscs and mollusc products<\/td><\/tr><\/tbody><\/table><\/section>\n<\/div>\n\t\t\t\t\t\t<\/div>\n\t\t\t\t<\/div>\n\t\t\t\t\t<\/div>\n\t\t\t\t<\/div>\n\t\t\t\t<\/div>\n\t\t","protected":false},"excerpt":{"rendered":"<p>Dish of the day Andrea Dan Chef of the Hotel Savoia Thermae &amp; Spa With my cuisine, I want to offer you a unique sensory experience of authentic flavours and culinary innovations. I invite you to discover our restaurant \u2018Il Savoiardo\u2019, where every dish tells a story and makes your stay unforgettable. ALLERGEN LEGEND<\/p>\n","protected":false},"author":3,"featured_media":0,"parent":2767,"menu_order":1,"comment_status":"closed","ping_status":"closed","template":"","meta":{"_acf_changed":false,"inline_featured_image":false,"footnotes":""},"class_list":["post-4496","page","type-page","status-publish","hentry"],"acf":[],"yoast_head":"<!-- This site is optimized with the Yoast SEO plugin v27.1.1 - https:\/\/yoast.com\/product\/yoast-seo-wordpress\/ -->\n<title>Dish of the day | Savoiaguest<\/title>\n<meta name=\"robots\" content=\"index, follow, max-snippet:-1, max-image-preview:large, max-video-preview:-1\" \/>\n<link rel=\"canonical\" href=\"https:\/\/savoiaguest.savoiaterme.it\/en\/restaurant-menu\/dish-of-the-day\/\" \/>\n<meta property=\"og:locale\" content=\"en_US\" \/>\n<meta property=\"og:type\" content=\"article\" \/>\n<meta property=\"og:title\" content=\"Dish of the day | Savoiaguest\" \/>\n<meta property=\"og:description\" content=\"Dish of the day Andrea Dan Chef of the Hotel Savoia Thermae &amp; Spa With my cuisine, I want to offer you a unique sensory experience of authentic flavours and culinary innovations. I invite you to discover our restaurant \u2018Il Savoiardo\u2019, where every dish tells a story and makes your stay unforgettable. ALLERGEN LEGEND\" \/>\n<meta property=\"og:url\" content=\"https:\/\/savoiaguest.savoiaterme.it\/en\/restaurant-menu\/dish-of-the-day\/\" \/>\n<meta property=\"og:site_name\" content=\"Savoiaguest\" \/>\n<meta property=\"article:publisher\" content=\"http:\/\/www.facebook.com\/savoiaterme\" \/>\n<meta property=\"article:modified_time\" content=\"2026-03-23T14:24:26+00:00\" \/>\n<meta property=\"og:image\" content=\"https:\/\/savoiaguest.savoiaterme.it\/wp-content\/uploads\/2025\/10\/logo_Savoia_infoguest.png\" \/>\n\t<meta property=\"og:image:width\" content=\"250\" \/>\n\t<meta property=\"og:image:height\" content=\"119\" \/>\n\t<meta property=\"og:image:type\" content=\"image\/png\" \/>\n<meta name=\"twitter:card\" content=\"summary_large_image\" \/>\n<script type=\"application\/ld+json\" class=\"yoast-schema-graph\">{\"@context\":\"https:\/\/schema.org\",\"@graph\":[{\"@type\":\"WebPage\",\"@id\":\"https:\/\/savoiaguest.savoiaterme.it\/en\/restaurant-menu\/dish-of-the-day\/\",\"url\":\"https:\/\/savoiaguest.savoiaterme.it\/en\/restaurant-menu\/dish-of-the-day\/\",\"name\":\"Dish of the day | Savoiaguest\",\"isPartOf\":{\"@id\":\"https:\/\/savoiaguest.savoiaterme.it\/en\/#website\"},\"datePublished\":\"2026-03-23T09:37:08+00:00\",\"dateModified\":\"2026-03-23T14:24:26+00:00\",\"breadcrumb\":{\"@id\":\"https:\/\/savoiaguest.savoiaterme.it\/en\/restaurant-menu\/dish-of-the-day\/#breadcrumb\"},\"inLanguage\":\"en-US\",\"potentialAction\":[{\"@type\":\"ReadAction\",\"target\":[\"https:\/\/savoiaguest.savoiaterme.it\/en\/restaurant-menu\/dish-of-the-day\/\"]}]},{\"@type\":\"BreadcrumbList\",\"@id\":\"https:\/\/savoiaguest.savoiaterme.it\/en\/restaurant-menu\/dish-of-the-day\/#breadcrumb\",\"itemListElement\":[{\"@type\":\"ListItem\",\"position\":1,\"name\":\"Home\",\"item\":\"https:\/\/savoiaguest.savoiaterme.it\/en\/\"},{\"@type\":\"ListItem\",\"position\":2,\"name\":\"Restaurant Menu\",\"item\":\"https:\/\/savoiaguest.savoiaterme.it\/en\/menu-ristorante\/\"},{\"@type\":\"ListItem\",\"position\":3,\"name\":\"Dish of the day\"}]},{\"@type\":\"WebSite\",\"@id\":\"https:\/\/savoiaguest.savoiaterme.it\/en\/#website\",\"url\":\"https:\/\/savoiaguest.savoiaterme.it\/en\/\",\"name\":\"Savoia Infoguest\",\"description\":\"\",\"publisher\":{\"@id\":\"https:\/\/savoiaguest.savoiaterme.it\/en\/#organization\"},\"potentialAction\":[{\"@type\":\"SearchAction\",\"target\":{\"@type\":\"EntryPoint\",\"urlTemplate\":\"https:\/\/savoiaguest.savoiaterme.it\/en\/?s={search_term_string}\"},\"query-input\":{\"@type\":\"PropertyValueSpecification\",\"valueRequired\":true,\"valueName\":\"search_term_string\"}}],\"inLanguage\":\"en-US\"},{\"@type\":\"Organization\",\"@id\":\"https:\/\/savoiaguest.savoiaterme.it\/en\/#organization\",\"name\":\"Savoia Infoguest\",\"url\":\"https:\/\/savoiaguest.savoiaterme.it\/en\/\",\"logo\":{\"@type\":\"ImageObject\",\"inLanguage\":\"en-US\",\"@id\":\"https:\/\/savoiaguest.savoiaterme.it\/en\/#\/schema\/logo\/image\/\",\"url\":\"https:\/\/savoiaguest.savoiaterme.it\/wp-content\/uploads\/2025\/10\/logo_Savoia_infoguest.png\",\"contentUrl\":\"https:\/\/savoiaguest.savoiaterme.it\/wp-content\/uploads\/2025\/10\/logo_Savoia_infoguest.png\",\"width\":250,\"height\":119,\"caption\":\"Savoia Infoguest\"},\"image\":{\"@id\":\"https:\/\/savoiaguest.savoiaterme.it\/en\/#\/schema\/logo\/image\/\"},\"sameAs\":[\"http:\/\/www.facebook.com\/savoiaterme\",\"https:\/\/www.instagram.com\/savoiatermeabano\/\",\"https:\/\/wa.me\/393371083111\"]}]}<\/script>\n<!-- \/ Yoast SEO plugin. -->","yoast_head_json":{"title":"Dish of the day | Savoiaguest","robots":{"index":"index","follow":"follow","max-snippet":"max-snippet:-1","max-image-preview":"max-image-preview:large","max-video-preview":"max-video-preview:-1"},"canonical":"https:\/\/savoiaguest.savoiaterme.it\/en\/restaurant-menu\/dish-of-the-day\/","og_locale":"en_US","og_type":"article","og_title":"Dish of the day | Savoiaguest","og_description":"Dish of the day Andrea Dan Chef of the Hotel Savoia Thermae &amp; Spa With my cuisine, I want to offer you a unique sensory experience of authentic flavours and culinary innovations. I invite you to discover our restaurant \u2018Il Savoiardo\u2019, where every dish tells a story and makes your stay unforgettable. ALLERGEN LEGEND","og_url":"https:\/\/savoiaguest.savoiaterme.it\/en\/restaurant-menu\/dish-of-the-day\/","og_site_name":"Savoiaguest","article_publisher":"http:\/\/www.facebook.com\/savoiaterme","article_modified_time":"2026-03-23T14:24:26+00:00","og_image":[{"width":250,"height":119,"url":"https:\/\/savoiaguest.savoiaterme.it\/wp-content\/uploads\/2025\/10\/logo_Savoia_infoguest.png","type":"image\/png"}],"twitter_card":"summary_large_image","schema":{"@context":"https:\/\/schema.org","@graph":[{"@type":"WebPage","@id":"https:\/\/savoiaguest.savoiaterme.it\/en\/restaurant-menu\/dish-of-the-day\/","url":"https:\/\/savoiaguest.savoiaterme.it\/en\/restaurant-menu\/dish-of-the-day\/","name":"Dish of the day | Savoiaguest","isPartOf":{"@id":"https:\/\/savoiaguest.savoiaterme.it\/en\/#website"},"datePublished":"2026-03-23T09:37:08+00:00","dateModified":"2026-03-23T14:24:26+00:00","breadcrumb":{"@id":"https:\/\/savoiaguest.savoiaterme.it\/en\/restaurant-menu\/dish-of-the-day\/#breadcrumb"},"inLanguage":"en-US","potentialAction":[{"@type":"ReadAction","target":["https:\/\/savoiaguest.savoiaterme.it\/en\/restaurant-menu\/dish-of-the-day\/"]}]},{"@type":"BreadcrumbList","@id":"https:\/\/savoiaguest.savoiaterme.it\/en\/restaurant-menu\/dish-of-the-day\/#breadcrumb","itemListElement":[{"@type":"ListItem","position":1,"name":"Home","item":"https:\/\/savoiaguest.savoiaterme.it\/en\/"},{"@type":"ListItem","position":2,"name":"Restaurant Menu","item":"https:\/\/savoiaguest.savoiaterme.it\/en\/menu-ristorante\/"},{"@type":"ListItem","position":3,"name":"Dish of the day"}]},{"@type":"WebSite","@id":"https:\/\/savoiaguest.savoiaterme.it\/en\/#website","url":"https:\/\/savoiaguest.savoiaterme.it\/en\/","name":"Savoia Infoguest","description":"","publisher":{"@id":"https:\/\/savoiaguest.savoiaterme.it\/en\/#organization"},"potentialAction":[{"@type":"SearchAction","target":{"@type":"EntryPoint","urlTemplate":"https:\/\/savoiaguest.savoiaterme.it\/en\/?s={search_term_string}"},"query-input":{"@type":"PropertyValueSpecification","valueRequired":true,"valueName":"search_term_string"}}],"inLanguage":"en-US"},{"@type":"Organization","@id":"https:\/\/savoiaguest.savoiaterme.it\/en\/#organization","name":"Savoia Infoguest","url":"https:\/\/savoiaguest.savoiaterme.it\/en\/","logo":{"@type":"ImageObject","inLanguage":"en-US","@id":"https:\/\/savoiaguest.savoiaterme.it\/en\/#\/schema\/logo\/image\/","url":"https:\/\/savoiaguest.savoiaterme.it\/wp-content\/uploads\/2025\/10\/logo_Savoia_infoguest.png","contentUrl":"https:\/\/savoiaguest.savoiaterme.it\/wp-content\/uploads\/2025\/10\/logo_Savoia_infoguest.png","width":250,"height":119,"caption":"Savoia Infoguest"},"image":{"@id":"https:\/\/savoiaguest.savoiaterme.it\/en\/#\/schema\/logo\/image\/"},"sameAs":["http:\/\/www.facebook.com\/savoiaterme","https:\/\/www.instagram.com\/savoiatermeabano\/","https:\/\/wa.me\/393371083111"]}]}},"_links":{"self":[{"href":"https:\/\/savoiaguest.savoiaterme.it\/en\/wp-json\/wp\/v2\/pages\/4496","targetHints":{"allow":["GET"]}}],"collection":[{"href":"https:\/\/savoiaguest.savoiaterme.it\/en\/wp-json\/wp\/v2\/pages"}],"about":[{"href":"https:\/\/savoiaguest.savoiaterme.it\/en\/wp-json\/wp\/v2\/types\/page"}],"author":[{"embeddable":true,"href":"https:\/\/savoiaguest.savoiaterme.it\/en\/wp-json\/wp\/v2\/users\/3"}],"replies":[{"embeddable":true,"href":"https:\/\/savoiaguest.savoiaterme.it\/en\/wp-json\/wp\/v2\/comments?post=4496"}],"version-history":[{"count":13,"href":"https:\/\/savoiaguest.savoiaterme.it\/en\/wp-json\/wp\/v2\/pages\/4496\/revisions"}],"predecessor-version":[{"id":4602,"href":"https:\/\/savoiaguest.savoiaterme.it\/en\/wp-json\/wp\/v2\/pages\/4496\/revisions\/4602"}],"up":[{"embeddable":true,"href":"https:\/\/savoiaguest.savoiaterme.it\/en\/wp-json\/wp\/v2\/pages\/2767"}],"wp:attachment":[{"href":"https:\/\/savoiaguest.savoiaterme.it\/en\/wp-json\/wp\/v2\/media?parent=4496"}],"curies":[{"name":"wp","href":"https:\/\/api.w.org\/{rel}","templated":true}]}}